{"id":676,"date":"2018-11-03T12:02:48","date_gmt":"2018-11-03T18:02:48","guid":{"rendered":"http:\/\/www.corporativosantamaria.mx\/?page_id=676"},"modified":"2022-07-27T15:35:43","modified_gmt":"2022-07-27T21:35:43","slug":"tower-6","status":"publish","type":"page","link":"https:\/\/corporativosantamaria.mx\/en\/tower-6\/","title":{"rendered":"Tower 6"},"content":{"rendered":"<p>[vc_row css_animation=&#8221;&#8221; row_type=&#8221;row&#8221; use_row_as_full_screen_section=&#8221;no&#8221; type=&#8221;grid&#8221; angled_section=&#8221;no&#8221; text_align=&#8221;center&#8221; background_image=&#8221;531&#8243; background_image_as_pattern=&#8221;without_pattern&#8221; z_index=&#8221;&#8221;][vc_column][vc_separator type=&#8221;transparent&#8221; up=&#8221;130&#8243;][vc_column_text]<\/p>\n<h1><span style=\"color: #ffffff;\">GET TO KNOW OUR NEW TOWER 6<\/span><\/h1>\n<p>[\/vc_column_text][vc_separator type=&#8221;transparent&#8221; up=&#8221;15&#8243;][vc_row_inner row_type=&#8221;row&#8221; type=&#8221;full_width&#8221; text_align=&#8221;center&#8221; css_animation=&#8221;&#8221;][vc_column_inner width=&#8221;1\/12&#8243;][\/vc_column_inner][vc_column_inner width=&#8221;5\/6&#8243;][vc_column_text]<\/p>\n<h4><span style=\"color: #ffffff;\">Our newest tower has luxury spaces with the latest technology and dynamic plants for all types of spaces.<\/span><\/h4>\n<p>[\/vc_column_text][\/vc_column_inner][vc_column_inner width=&#8221;1\/12&#8243;][\/vc_column_inner][\/vc_row_inner][vc_separator type=&#8221;transparent&#8221; up=&#8221;25&#8243;][vc_row_inner row_type=&#8221;row&#8221; type=&#8221;full_width&#8221; text_align=&#8221;center&#8221; css_animation=&#8221;&#8221;][vc_column_inner width=&#8221;1\/4&#8243;][\/vc_column_inner][vc_column_inner width=&#8221;1\/2&#8243;]<a  itemprop=\"url\" href=\"#masinfo\" target=\"_self\" data-hover-background-color=#ffffff data-hover-border-color=#ffffff data-hover-color=#81892a class=\"qbutton  large default\" style=\"color: #ffffff; border-color: #81892a; background-color: #81892a;\">Request more Information<\/a>[\/vc_column_inner][vc_column_inner width=&#8221;1\/4&#8243;][\/vc_column_inner][\/vc_row_inner][vc_separator type=&#8221;transparent&#8221; up=&#8221;55&#8243;][\/vc_column][\/vc_row][vc_row css_animation=&#8221;&#8221; row_type=&#8221;row&#8221; use_row_as_full_screen_section=&#8221;no&#8221; type=&#8221;grid&#8221; angled_section=&#8221;no&#8221; text_align=&#8221;center&#8221; background_image_as_pattern=&#8221;without_pattern&#8221; padding_top=&#8221;50&#8243; padding_bottom=&#8221;50&#8243; z_index=&#8221;&#8221;][vc_column][vc_row_inner row_type=&#8221;row&#8221; type=&#8221;grid&#8221; text_align=&#8221;center&#8221; css_animation=&#8221;&#8221;][vc_column_inner width=&#8221;1\/12&#8243;][\/vc_column_inner][vc_column_inner width=&#8221;5\/6&#8243;]<div class=\"qode_video_box\">\r\n\t<a itemprop=\"image\" class=\"qode_video_image\" href=\"https:\/\/youtu.be\/68CRraFN0RA\" data-rel=\"prettyPhoto\">\r\n\t\t\t\r\n\t\t\t<img src=\"https:\/\/corporativosantamaria.mx\/wp\/wp-content\/uploads\/video-thumb-torre6-1.jpg\" \/>\r\n\t\t\t<span class=\"qode_video_box_button_holder\">\r\n\t\t\t\t<span class=\"qode_video_box_button\">\r\n\t\t\t\t\t<span class=\"qode_video_box_button_arrow\">\r\n\t\t\t\t\t<\/span>\r\n\t\t\t\t<\/span>\r\n\t\t\t<\/span>\r\n\t\t\t<\/a>\r\n<\/div>[\/vc_column_inner][vc_column_inner width=&#8221;1\/12&#8243;][\/vc_column_inner][\/vc_row_inner][\/vc_column][\/vc_row][vc_row css_animation=&#8221;&#8221; row_type=&#8221;row&#8221; use_row_as_full_screen_section=&#8221;no&#8221; type=&#8221;grid&#8221; angled_section=&#8221;no&#8221; text_align=&#8221;left&#8221; background_image_as_pattern=&#8221;without_pattern&#8221; background_color=&#8221;#444444&#8243; z_index=&#8221;&#8221;][vc_column][vc_separator type=&#8221;transparent&#8221; up=&#8221;30&#8243;][vc_column_text]<\/p>\n<h2 style=\"text-align: center;\"><span style=\"color: #ffffff;\">Photo Gallery<\/span><\/h2>\n<p>[\/vc_column_text][vc_separator type=&#8221;transparent&#8221; up=&#8221;25&#8243;][vc_gallery type=&#8221;image_grid&#8221; images=&#8221;547,512,1075,1077,1079,1081&#8243; img_size=&#8221;full&#8221; column_number=&#8221;3&#8243; grayscale=&#8221;no&#8221; images_space=&#8221;gallery_without_space&#8221;][vc_separator type=&#8221;transparent&#8221; up=&#8221;35&#8243;][\/vc_column][\/vc_row][vc_row css_animation=&#8221;&#8221; row_type=&#8221;row&#8221; use_row_as_full_screen_section=&#8221;no&#8221; type=&#8221;grid&#8221; angled_section=&#8221;no&#8221; text_align=&#8221;center&#8221; background_image_as_pattern=&#8221;without_pattern&#8221; z_index=&#8221;&#8221;][vc_column][vc_separator type=&#8221;transparent&#8221; up=&#8221;45&#8243;][vc_column_text]<\/p>\n<h4>Floor plans starting at 350 m2 up to 850 m2 \u00a0 | \u00a0 26,724 m2 of Rent Areas.<\/h4>\n<p>[\/vc_column_text][vc_separator type=&#8221;transparent&#8221; up=&#8221;45&#8243;][\/vc_column][\/vc_row][vc_row css_animation=&#8221;&#8221; row_type=&#8221;row&#8221; use_row_as_full_screen_section=&#8221;no&#8221; type=&#8221;full_width&#8221; angled_section=&#8221;no&#8221; text_align=&#8221;center&#8221; background_image_as_pattern=&#8221;without_pattern&#8221; background_color=&#8221;#444444&#8243; z_index=&#8221;&#8221;][vc_column][vc_separator type=&#8221;transparent&#8221; up=&#8221;30&#8243;][vc_column_text]<\/p>\n<h2><span style=\"color: #ffffff;\">AMENITIES<\/span><\/h2>\n<p>[\/vc_column_text][vc_separator type=&#8221;transparent&#8221; up=&#8221;5&#8243; down=&#8221;0&#8243;][vc_row_inner row_type=&#8221;row&#8221; type=&#8221;grid&#8221; text_align=&#8221;center&#8221; css_animation=&#8221;&#8221;][vc_column_inner width=&#8221;1\/12&#8243;][\/vc_column_inner][vc_column_inner width=&#8221;5\/6&#8243;][vc_column_text]<span style=\"color: #ffffff;\"><strong>We offer a wide variety of services and amenities on campus. In addition, integration with neighboring buildings allows tenants to share additional amenities without leaving the complex.<\/strong><\/span>[\/vc_column_text][\/vc_column_inner][vc_column_inner width=&#8221;1\/12&#8243;][\/vc_column_inner][\/vc_row_inner][vc_separator type=&#8221;transparent&#8221; up=&#8221;20&#8243;][vc_row_inner row_type=&#8221;row&#8221; type=&#8221;grid&#8221; text_align=&#8221;center&#8221; css_animation=&#8221;&#8221;][vc_column_inner width=&#8221;1\/3&#8243;][vc_column_text]<span style=\"color: #ffffff;\">PAVILION \/ BUSINESS LOUNGE<\/span><br \/>\n<span style=\"color: #ffffff;\">EVENTS SALON<\/span><br \/>\n<span style=\"color: #ffffff;\">TERRACES \/ GREEN AREAS<\/span><\/p>\n<p><span style=\"color: #ffffff;\">HOTEL<\/span><br \/>\n<span style=\"color: #ffffff;\">CONVENIENCE STORE<\/span>[\/vc_column_text][\/vc_column_inner][vc_column_inner width=&#8221;1\/3&#8243;][vc_column_text]<span style=\"color: #ffffff;\">CAF\u00c9<\/span><br \/>\n<span style=\"color: #ffffff;\">BANKING SERVICES<\/span><br \/>\n<span style=\"color: #ffffff;\">RESTAURANTS<\/span><br \/>\n<span style=\"color: #ffffff;\">GYM<\/span><br \/>\n<span style=\"color: #ffffff;\">BEAUTY SALON<\/span>[\/vc_column_text][\/vc_column_inner][vc_column_inner width=&#8221;1\/3&#8243;][vc_column_text]<span style=\"color: #ffffff;\">DRY CLEANING<\/span><br \/>\n<span style=\"color: #ffffff;\">CHILD CARE<\/span><br \/>\n<span style=\"color: #ffffff;\">TRAVEL AGENCY<\/span><\/p>\n<p><span style=\"color: #ffffff;\">EATING AREA<\/span><br \/>\n<span style=\"color: #ffffff;\">MEDICAL SERVICES<\/span>[\/vc_column_text][\/vc_column_inner][\/vc_row_inner][vc_separator type=&#8221;transparent&#8221; up=&#8221;30&#8243;][\/vc_column][\/vc_row][vc_row css_animation=&#8221;&#8221; row_type=&#8221;row&#8221; use_row_as_full_screen_section=&#8221;no&#8221; type=&#8221;full_width&#8221; angled_section=&#8221;no&#8221; text_align=&#8221;center&#8221; background_image_as_pattern=&#8221;without_pattern&#8221; z_index=&#8221;&#8221;][vc_column][vc_separator type=&#8221;transparent&#8221; up=&#8221;35&#8243; down=&#8221;0&#8243;][vc_column_text]<\/p>\n<h2>LOCATION<\/h2>\n<p>[\/vc_column_text][vc_separator type=&#8221;transparent&#8221; up=&#8221;5&#8243; down=&#8221;0&#8243;][vc_row_inner row_type=&#8221;row&#8221; type=&#8221;grid&#8221; text_align=&#8221;center&#8221; css_animation=&#8221;&#8221;][vc_column_inner width=&#8221;1\/12&#8243;][\/vc_column_inner][vc_column_inner width=&#8221;5\/6&#8243;][vc_column_text]<strong>Located in the new SANTAMARIA District, one of the most booming areas in the development of offices that has a large number of points of interest, transportation routes, direct access to the airport and main avenues of the city such as Antonio L. Rodriguez and Blvd. Diaz Ordaz.<\/strong>[\/vc_column_text][\/vc_column_inner][vc_column_inner width=&#8221;1\/12&#8243;][\/vc_column_inner][\/vc_row_inner][vc_separator type=&#8221;transparent&#8221; up=&#8221;30&#8243; down=&#8221;0&#8243;][vc_gmaps link=&#8221;#E-8_JTNDaWZyYW1lJTIwc3JjJTNEJTIyaHR0cHMlM0ElMkYlMkZ3d3cuZ29vZ2xlLmNvbSUyRm1hcHMlMkZlbWJlZCUzRnBiJTNEJTIxMW0xOCUyMTFtMTIlMjExbTMlMjExZDIxMzguMjA5MTEyNDYxODg4JTIxMmQtMTAwLjM3Njc4MDE4ODIxODgzJTIxM2QyNS42NzA0ODE0NzE5NzA1MjUlMjEybTMlMjExZjAlMjEyZjAlMjEzZjAlMjEzbTIlMjExaTEwMjQlMjEyaTc2OCUyMTRmMTMuMSUyMTNtMyUyMTFtMiUyMTFzMHg4NjYyYmQ4YTdjOWI1NWQ3JTI1M0EweDgyMmIxNDViMjBiOWZiYTElMjEyc0NvcnBvcmF0aXZvJTJCU2FudGElMkJNYXIlMjVDMyUyNUFEYSUyMTVlMCUyMTNtMiUyMTFzZW4lMjEyc214JTIxNHYxNTQxMjY3NzgwNzczJTIyJTIwd2lkdGglM0QlMjI4MDAlMjIlMjBoZWlnaHQlM0QlMjI0MDAlMjIlMjBmcmFtZWJvcmRlciUzRCUyMjAlMjIlMjBzdHlsZSUzRCUyMmJvcmRlciUzQTAlMjIlMjBhbGxvd2Z1bGxzY3JlZW4lM0UlM0MlMkZpZnJhbWUlM0U=&#8221;][vc_separator type=&#8221;transparent&#8221; up=&#8221;30&#8243; down=&#8221;0&#8243;][\/vc_column][\/vc_row][vc_row css_animation=&#8221;&#8221; row_type=&#8221;row&#8221; use_row_as_full_screen_section=&#8221;no&#8221; type=&#8221;grid&#8221; angled_section=&#8221;no&#8221; text_align=&#8221;center&#8221; background_image_as_pattern=&#8221;without_pattern&#8221; z_index=&#8221;&#8221;][vc_column][vc_separator type=&#8221;transparent&#8221; up=&#8221;35&#8243; down=&#8221;0&#8243;][vc_column_text]<\/p>\n<h2>TECHNICAL SPECIFICATIONS<\/h2>\n<p>[\/vc_column_text][vc_separator type=&#8221;transparent&#8221; up=&#8221;5&#8243; down=&#8221;0&#8243;][vc_column_text]<strong>14 parking levels with parity of total parking: 1 every 20 m2<\/strong>[\/vc_column_text][vc_separator type=&#8221;transparent&#8221; up=&#8221;30&#8243;][vc_row_inner row_type=&#8221;row&#8221; type=&#8221;full_width&#8221; text_align=&#8221;left&#8221; css_animation=&#8221;&#8221;][vc_column_inner width=&#8221;1\/3&#8243;][vc_column_text]<\/p>\n<h3>Fachade<\/h3>\n<p>Sistema \u00a0Duo Vent de importaci\u00f3n con protecci\u00f3n Low-e y p\u00e1neles de concreto precolado de 10 cm de espesor.[\/vc_column_text][vc_separator type=&#8221;transparent&#8221; up=&#8221;40&#8243;][\/vc_column_inner][vc_column_inner width=&#8221;1\/3&#8243;][vc_column_text]<\/p>\n<h3>Height between levels.<\/h3>\n<ul>\n<li>Niveles 8 a 15: 3.20 m<\/li>\n<li>Niveles 17 a 48: 4.00 m<\/li>\n<li>Altura total sobre calle: 189 metros<\/li>\n<\/ul>\n<p>[\/vc_column_text][vc_separator type=&#8221;transparent&#8221; up=&#8221;40&#8243;][\/vc_column_inner][vc_column_inner width=&#8221;1\/3&#8243;][vc_column_text]<\/p>\n<h3>Energy Plant<\/h3>\n<p>Plantas de emergencia: 2 equipos de 500 kw y 600 kw para \u00e1reas comunes y circuitos de emergencia dentro de \u00e1reas privativas[\/vc_column_text][vc_separator type=&#8221;transparent&#8221; up=&#8221;40&#8243;][\/vc_column_inner][\/vc_row_inner][vc_row_inner row_type=&#8221;row&#8221; type=&#8221;full_width&#8221; text_align=&#8221;left&#8221; css_animation=&#8221;&#8221;][vc_column_inner width=&#8221;1\/3&#8243;][vc_column_text]<\/p>\n<h3>Elevators<\/h3>\n<ul>\n<li style=\"list-style-type: none;\">\n<ul>\n<li>Marca Thyssen-Krupp<\/li>\n<li>Elevadores pasajeros:\n<ul>\n<li>9 elevadores 20 pasajeros de 5 y 7 m\/s<\/li>\n<li>1 en sotanos con capacidad 9 pasajeros<\/li>\n<\/ul>\n<\/li>\n<li>Elevador carga: 1 con velocidad 6 m\/s y capacidad 1,600 kg<\/li>\n<\/ul>\n<\/li>\n<\/ul>\n<p>[\/vc_column_text][vc_separator type=&#8221;transparent&#8221; up=&#8221;40&#8243;][\/vc_column_inner][vc_column_inner width=&#8221;1\/3&#8243;][vc_column_text]<\/p>\n<h3>Security<\/h3>\n<ul>\n<li>Escaleras de emergencia: 2 presurizadas<\/li>\n<li>Control de accesos: plumas vehiculares Notifier marca Honeywell<\/li>\n<li>CCTV:41 c\u00e1maras a color, vision nocturna, HDCVI 1080 p.<\/li>\n<li>Sistema contra incendios: red abierta h\u00fameda en \u00e1reas cerradas.<\/li>\n<\/ul>\n<p>[\/vc_column_text][vc_separator type=&#8221;transparent&#8221; up=&#8221;40&#8243;][\/vc_column_inner][vc_column_inner width=&#8221;1\/3&#8243;][vc_column_text]<\/p>\n<h3>Air Conditioning<\/h3>\n<ul>\n<li>Unidades condensadoras VRF, Marca Mitsubishi<\/li>\n<li>Capacidad AC por piso: (Niveles 17 a 48) 40 TR, (Niveles 8 al 15) 20 TR.<\/li>\n<\/ul>\n<p>[\/vc_column_text][vc_separator type=&#8221;transparent&#8221; up=&#8221;40&#8243;][\/vc_column_inner][\/vc_row_inner][\/vc_column][\/vc_row][vc_row css_animation=&#8221;&#8221; row_type=&#8221;row&#8221; use_row_as_full_screen_section=&#8221;no&#8221; type=&#8221;grid&#8221; anchor=&#8221;masinfo&#8221; angled_section=&#8221;no&#8221; text_align=&#8221;center&#8221; background_image_as_pattern=&#8221;without_pattern&#8221; background_color=&#8221;#444444&#8243; padding_top=&#8221;35&#8243; padding_bottom=&#8221;15&#8243; z_index=&#8221;&#8221;][vc_column width=&#8221;1\/6&#8243;][\/vc_column][vc_column width=&#8221;2\/3&#8243;][vc_column_text]<\/p>\n<h3><span style=\"color: #ffffff;\">REQUEST MORE INFORMATION<\/span><\/h3>\n<p>[\/vc_column_text][vc_separator type=&#8221;transparent&#8221; up=&#8221;20&#8243;]<div role=\"form\" class=\"wpcf7\" id=\"wpcf7-f687-o1\" lang=\"en-US\" dir=\"ltr\">\n<div class=\"screen-reader-response\"><p role=\"status\" aria-live=\"polite\" aria-atomic=\"true\"><\/p> <ul><\/ul><\/div>\n<form action=\"\/en\/wp-json\/wp\/v2\/pages\/676#wpcf7-f687-o1\" method=\"post\" class=\"wpcf7-form init cf7_custom_style_3\" novalidate=\"novalidate\" data-status=\"init\">\n<div style=\"display: none;\">\n<input type=\"hidden\" name=\"_wpcf7\" value=\"687\" \/>\n<input type=\"hidden\" name=\"_wpcf7_version\" value=\"5.3.2\" \/>\n<input type=\"hidden\" name=\"_wpcf7_locale\" value=\"en_US\" \/>\n<input type=\"hidden\" name=\"_wpcf7_unit_tag\" value=\"wpcf7-f687-o1\" \/>\n<input type=\"hidden\" name=\"_wpcf7_container_post\" value=\"0\" \/>\n<input type=\"hidden\" name=\"_wpcf7_posted_data_hash\" value=\"\" \/>\n<\/div>\n<div class=\"two_columns_50_50 clearfix\">\n<div class=\"column1\">\n<div class=\"column_inner\">\n<span class=\"wpcf7-form-control-wrap your-name\"><input type=\"text\" name=\"your-name\" value=\"\" size=\"40\" class=\"wpcf7-form-control wpcf7-text wpcf7-validates-as-required\" aria-required=\"true\" aria-invalid=\"false\" placeholder=\"Full Name*\" \/><\/span>\n<\/div>\n<\/div>\n<div class=\"column2\">\n<div class=\"column_inner\">\n<span class=\"wpcf7-form-control-wrap your-company\"><input type=\"email\" name=\"your-company\" value=\"\" size=\"40\" class=\"wpcf7-form-control wpcf7-text wpcf7-email wpcf7-validates-as-required wpcf7-validates-as-email\" aria-required=\"true\" aria-invalid=\"false\" placeholder=\"Email*\" \/><\/span>\n<\/div>\n<\/div>\n<\/div>\n<p><span class=\"wpcf7-form-control-wrap your-message\"><textarea name=\"your-message\" cols=\"40\" rows=\"10\" class=\"wpcf7-form-control wpcf7-textarea wpcf7-validates-as-required\" aria-required=\"true\" aria-invalid=\"false\" placeholder=\"Message*\"><\/textarea><\/span><br \/>\n<span id=\"wpcf7-69e65974a65b2-wrapper\" class=\"wpcf7-form-control-wrap your-email-wrap\" style=\"display:none !important; visibility:hidden !important;\"><label for=\"wpcf7-69e65974a65b2-field\" class=\"hp-message\">Please leave this field empty.<\/label><input id=\"wpcf7-69e65974a65b2-field\"  class=\"wpcf7-form-control wpcf7-text\" type=\"text\" name=\"your-email\" value=\"\" size=\"40\" tabindex=\"-1\" autocomplete=\"new-password\" \/><\/span><br \/>\n<input type=\"submit\" value=\"Send Message\" class=\"wpcf7-form-control wpcf7-submit\" \/><\/p>\n<div class=\"wpcf7-response-output\" aria-hidden=\"true\"><\/div><\/form><\/div>[vc_separator type=&#8221;transparent&#8221; up=&#8221;20&#8243;]<span class='q_social_icon_holder square_social' data-color=#444444 data-hover-background-color=#d1d1d1 ><a itemprop='url' href='https:\/\/www.facebook.com\/santamariacorporativo\/' target='_blank'><span class='fa-stack fa-2x' style='background-color: #ffffff;border-radius: 2px;-webkit-border-radius: 2px;-moz-border-radius: 2px;margin: 20px 20px 20px 20px;'><i class=\"qode_icon_font_awesome fa fa-facebook \" style=\"color: #444444;\" ><\/i><\/span><\/a><\/span><span class='q_social_icon_holder square_social' data-color=#444444 data-hover-background-color=#d1d1d1 ><a itemprop='url' href='https:\/\/www.facebook.com\/santamariacorporativo\/' target='_blank'><span class='fa-stack fa-2x' style='background-color: #ffffff;border-radius: 2px;-webkit-border-radius: 2px;-moz-border-radius: 2px;margin: 20px 20px 20px 20px;'><i class=\"qode_icon_font_awesome fa fa-instagram \" style=\"color: #444444;\" ><\/i><\/span><\/a><\/span>[\/vc_column][vc_column width=&#8221;1\/6&#8243;][\/vc_column][\/vc_row]<\/p>\n","protected":false},"excerpt":{"rendered":"<p>[vc_row css_animation=&#8221;&#8221; row_type=&#8221;row&#8221; use_row_as_full_screen_section=&#8221;no&#8221; type=&#8221;grid&#8221; angled_section=&#8221;no&#8221; text_align=&#8221;center&#8221; background_image=&#8221;531&#8243; background_image_as_pattern=&#8221;without_pattern&#8221; z_index=&#8221;&#8221;][vc_column][vc_separator type=&#8221;transparent&#8221; up=&#8221;130&#8243;][vc_column_text] GET TO KNOW OUR NEW TOWER 6 [\/vc_column_text][vc_separator&#8230;<\/p>\n","protected":false},"author":1,"featured_media":0,"parent":0,"menu_order":0,"comment_status":"closed","ping_status":"closed","template":"full_width.php","meta":[],"_links":{"self":[{"href":"https:\/\/corporativosantamaria.mx\/en\/wp-json\/wp\/v2\/pages\/676"}],"collection":[{"href":"https:\/\/corporativosantamaria.mx\/en\/wp-json\/wp\/v2\/pages"}],"about":[{"href":"https:\/\/corporativosantamaria.mx\/en\/wp-json\/wp\/v2\/types\/page"}],"author":[{"embeddable":true,"href":"https:\/\/corporativosantamaria.mx\/en\/wp-json\/wp\/v2\/users\/1"}],"replies":[{"embeddable":true,"href":"https:\/\/corporativosantamaria.mx\/en\/wp-json\/wp\/v2\/comments?post=676"}],"version-history":[{"count":5,"href":"https:\/\/corporativosantamaria.mx\/en\/wp-json\/wp\/v2\/pages\/676\/revisions"}],"predecessor-version":[{"id":1152,"href":"https:\/\/corporativosantamaria.mx\/en\/wp-json\/wp\/v2\/pages\/676\/revisions\/1152"}],"wp:attachment":[{"href":"https:\/\/corporativosantamaria.mx\/en\/wp-json\/wp\/v2\/media?parent=676"}],"curies":[{"name":"wp","href":"https:\/\/api.w.org\/{rel}","templated":true}]}}